{"id":49,"date":"2024-12-11T21:52:10","date_gmt":"2024-12-11T21:52:10","guid":{"rendered":"https:\/\/optahealthcare.com\/?page_id=49"},"modified":"2025-05-06T13:33:57","modified_gmt":"2025-05-06T13:33:57","slug":"kontakt","status":"publish","type":"page","link":"https:\/\/optahealthcare.com\/pl\/kontakt\/","title":{"rendered":"Contact"},"content":{"rendered":"<div data-elementor-type=\"wp-page\" data-elementor-id=\"49\" class=\"elementor elementor-49\">\n\t\t\t\t<div class=\"elementor-element elementor-element-e48cabd e-con-full e-flex e-con e-parent\" data-id=\"e48cabd\" data-element_type=\"container\">\n\t\t\t\t<div class=\"elementor-element elementor-element-b3ffa29 elementor-widget elementor-widget-themedraft_home_slider_one\" data-id=\"b3ffa29\" data-element_type=\"widget\" data-widget_type=\"themedraft_home_slider_one.default\">\n\t\t\t\t<div class=\"elementor-widget-container\">\n\t\t\t\t\t        <div class=\"td-home-slider-area\">\n            <div id=\"td-home-slider-59\" class=\"td-home-slider-wrapper\">\n\n\t\t\t\t\n                        <div class=\"td-single-slide-item td-cover-bg\" style=\"background-image: url(http:\/\/optahealthcare.com\/wp-content\/uploads\/2025\/01\/confident-doctor-man-holding-a-pill-bottle-and-wri-2023-11-27-05-35-43-utc.jpg)\">\n                            <div class=\"td-table\">\n                                <div class=\"td-table-cell\">\n                                    <div class=\"container\">\n                                        <div class=\"row\">\n                                            <div class=\"td-slider-content-column col-xl-6 col-lg-8 col-md-11\">\n                                                <div class=\"td-slider-content-wrapper\">\n                                                    <div class=\"td-slider-content\">\n                                                                                                                <div class=\"slider-bg-text td-secondary-font\" data-animation=\"fadeInUp\" data-delay=\".5s\">\n\t\t                                                    Zapewniamy                                                        <\/div>\n                                                        \n                                                        <div class=\"slide-subtitle\" data-animation=\"fadeInUp\" data-delay=\".5s\">\n                                                                                                                    <\/div>\n\n                                                        <div class=\"td-slide-title\" data-animation=\"fadeInUp\" data-delay=\".9s\">\n\t\t\t\t\t\t\t\t\t\t\t\t\t\t\t<h1>dost\u0119p do sprawdzonych i bezpiecznych rozwi\u0105za\u0144 w obszarze ochrony zdrowia.<\/h1>                                                        <\/div>\n                                                        <div class=\"td-slider-content-text\" data-animation=\"fadeInUp\"  data-delay=\"1.75s\">\n\t\t\t\t\t\t\t\t\t\t\t\t\t\t\t                                                        <\/div>\n\n\n                                                        <div class=\"slider-button-wrapper\">\n\n\t\t\t\t\t\t\t\t\t\t\t\t\t\t\t                                                                <a data-animation=\"fadeInUp\"  data-delay=\"2.5s\" href=\"https:\/\/optahealthcare.com\/pl\/kontakt\/\" class=\"td-button td-slider-btn-one\" >Skontaktuj si\u0119<i class=\"fas fa-plus\"><\/i><\/a>\n\t\t\t\t\t\t\t\t\t\t\t\t\t\t\t\n                                                                                                                                <a data-animation=\"fadeInUp\"  data-delay=\"2.75s\" href=\"https:\/\/optahealthcare.com\/pl\/produkty\/\" class=\"td-button td-slider-btn-two\" >Nasze produkty<i class=\"fas fa-plus\"><\/i><\/a>\n                                                                \n\n                                                        <\/div>\n                                                    <\/div>\n                                                <\/div>\n                                            <\/div>\n                                        <\/div>\n                                    <\/div>\n                                <\/div>\n                            <\/div>\n\n                                                    <\/div>\n\t\t\t\t\t\t            <\/div>\n        <\/div>\n\n\n\t\t\t\t\t\t\t\t<\/div>\n\t\t\t\t<\/div>\n\t\t\t\t<\/div>\n\t\t<div class=\"elementor-element elementor-element-9c8b67d e-flex e-con-boxed e-con e-parent\" data-id=\"9c8b67d\" data-element_type=\"container\">\n\t\t\t\t\t<div class=\"e-con-inner\">\n\t\t<div class=\"elementor-element elementor-element-97e29ab e-con-full e-flex e-con e-child\" data-id=\"97e29ab\" data-element_type=\"container\">\n\t\t\t\t<div class=\"elementor-element elementor-element-0e1fe40 elementor-widget elementor-widget-themedraft_section_title\" data-id=\"0e1fe40\" data-element_type=\"widget\" data-widget_type=\"themedraft_section_title.default\">\n\t\t\t\t<div class=\"elementor-widget-container\">\n\t\t\t\t\t\n\t\t<div class=\"td-section-title-wrapper\">\n            <div class=\"td-section-title-content td-secondary-font\">\n                                    <div class=\"td-section-title-bg-text\">\n                        Napisz                    <\/div>\n                \n                                    <div class=\"td-section-subtitle td-primary-color\">\n                        Napisz do nas                    <\/div>\n                \n                                    <div class=\"td-section-title\">\n                        <h2>Chcesz aby Twoje produkty by\u0142y obecne na Polskim rynku<\/h2>                    <\/div>\n                                                <\/div>\n\t\t<\/div>\n\t\t\t\t\t\t<\/div>\n\t\t\t\t<\/div>\n\t\t\t\t<div class=\"elementor-element elementor-element-39d03d4 elementor-widget elementor-widget-shortcode\" data-id=\"39d03d4\" data-element_type=\"widget\" data-widget_type=\"shortcode.default\">\n\t\t\t\t<div class=\"elementor-widget-container\">\n\t\t\t\t\t\t\t<div class=\"elementor-shortcode\">\n<div class=\"wpcf7 no-js\" id=\"wpcf7-f25-o1\" lang=\"pl-PL\" dir=\"ltr\" data-wpcf7-id=\"25\">\n<div class=\"screen-reader-response\"><p role=\"status\" aria-live=\"polite\" aria-atomic=\"true\"><\/p> <ul><\/ul><\/div>\n<form action=\"\/pl\/wp-json\/wp\/v2\/pages\/49#wpcf7-f25-o1\" method=\"post\" class=\"wpcf7-form init\" aria-label=\"Formularz kontaktowy\" novalidate=\"novalidate\" data-status=\"init\" data-trp-original-action=\"\/pl\/wp-json\/wp\/v2\/pages\/49#wpcf7-f25-o1\">\n<div style=\"display: none;\">\n<input type=\"hidden\" name=\"_wpcf7\" value=\"25\" \/>\n<input type=\"hidden\" name=\"_wpcf7_version\" value=\"6.0.6\" \/>\n<input type=\"hidden\" name=\"_wpcf7_locale\" value=\"pl_PL\" \/>\n<input type=\"hidden\" name=\"_wpcf7_unit_tag\" value=\"wpcf7-f25-o1\" \/>\n<input type=\"hidden\" name=\"_wpcf7_container_post\" value=\"0\" \/>\n<input type=\"hidden\" name=\"_wpcf7_posted_data_hash\" value=\"\" \/>\n<input type=\"hidden\" name=\"_wpcf7_recaptcha_response\" value=\"\" \/>\n<\/div>\n<p><label> Twoje imi\u0119 i nazwisko<br \/>\n<span class=\"wpcf7-form-control-wrap\" data-name=\"your-name\"><input size=\"40\" maxlength=\"400\" class=\"wpcf7-form-control wpcf7-text wpcf7-validates-as-required\" autocomplete=\"name\" aria-required=\"true\" aria-invalid=\"false\" value=\"\" type=\"text\" name=\"your-name\" \/><\/span> <\/label>\n<\/p>\n<p><label> Tw\u00f3j adres e-mail<br \/>\n<span class=\"wpcf7-form-control-wrap\" data-name=\"your-email\"><input size=\"40\" maxlength=\"400\" class=\"wpcf7-form-control wpcf7-email wpcf7-validates-as-required wpcf7-text wpcf7-validates-as-email\" autocomplete=\"email\" aria-required=\"true\" aria-invalid=\"false\" value=\"\" type=\"email\" name=\"your-email\" \/><\/span> <\/label>\n<\/p>\n<p><label> Temat<br \/>\n<span class=\"wpcf7-form-control-wrap\" data-name=\"your-subject\"><input size=\"40\" maxlength=\"400\" class=\"wpcf7-form-control wpcf7-text wpcf7-validates-as-required\" aria-required=\"true\" aria-invalid=\"false\" value=\"\" type=\"text\" name=\"your-subject\" \/><\/span> <\/label>\n<\/p>\n<p><label> Twoja wiadomo\u015bci (opcjonalne)<br \/>\n<span class=\"wpcf7-form-control-wrap\" data-name=\"your-message\"><textarea cols=\"40\" rows=\"10\" maxlength=\"2000\" class=\"wpcf7-form-control wpcf7-textarea\" aria-invalid=\"false\" name=\"your-message\"><\/textarea><\/span> <\/label>\n<\/p>\n<p><input class=\"wpcf7-form-control wpcf7-submit has-spinner\" type=\"submit\" value=\"Wy\u015blij\" \/>\n<\/p><div class=\"wpcf7-response-output\" aria-hidden=\"true\"><\/div>\n<input type=\"hidden\" name=\"trp-form-language\" value=\"pl\"\/><\/form>\n<\/div>\n<\/div>\n\t\t\t\t\t\t<\/div>\n\t\t\t\t<\/div>\n\t\t\t\t<\/div>\n\t\t<div class=\"elementor-element elementor-element-2865fe3 e-con-full e-flex e-con e-child\" data-id=\"2865fe3\" data-element_type=\"container\">\n\t\t\t\t<div class=\"elementor-element elementor-element-1419ec0 elementor-widget elementor-widget-themedraft_tiwcb\" data-id=\"1419ec0\" data-element_type=\"widget\" data-widget_type=\"themedraft_tiwcb.default\">\n\t\t\t\t<div class=\"elementor-widget-container\">\n\t\t\t\t\t\n        <div class=\"td-tiwcb-wrapper\">\n\n\n\n            <div class=\"td-tiwcb-first-image td-cover-bg\" style=\"background-image: url(http:\/\/optahealthcare.com\/wp-content\/uploads\/2025\/01\/applying-ointment-to-hands-with-atopic-dermatitis-2024-10-11-07-33-27-utc-kopia.jpg)\"><\/div>\n\n            <div class=\"td-tiwcb-second-image td-cover-bg\" style=\"background-image: url(http:\/\/optahealthcare.com\/wp-content\/uploads\/2025\/01\/signing-a-business-contract-group-of-business-peo-2023-11-27-05-26-27-utc.jpg)\"><\/div>\n\n            <div class=\"td-tiwcb-third-image td-cover-bg\" style=\"background-image: url(http:\/\/optahealthcare.com\/wp-content\/uploads\/2025\/01\/doctor-giving-patient-pills-and-tablets-2023-11-27-04-51-15-utc.jpg)\">\n\t                        <\/div>\n        <\/div>\n\n\t\t\t\t\t\t<\/div>\n\t\t\t\t<\/div>\n\t\t\t\t<\/div>\n\t\t\t\t\t<\/div>\n\t\t\t\t<\/div>\n\t\t<div class=\"elementor-element elementor-element-9aa3ca1 e-flex e-con-boxed e-con e-parent\" data-id=\"9aa3ca1\" data-element_type=\"container\">\n\t\t\t\t\t<div class=\"e-con-inner\">\n\t\t<div class=\"elementor-element elementor-element-60bd3f5 e-con-full e-flex e-con e-child\" data-id=\"60bd3f5\" data-element_type=\"container\">\n\t\t\t\t<div class=\"elementor-element elementor-element-2b6cced elementor-widget elementor-widget-themedraft_tiwcb\" data-id=\"2b6cced\" data-element_type=\"widget\" data-widget_type=\"themedraft_tiwcb.default\">\n\t\t\t\t<div class=\"elementor-widget-container\">\n\t\t\t\t\t\n        <div class=\"td-tiwcb-wrapper\">\n\n\n\n            <div class=\"td-tiwcb-first-image td-cover-bg\" style=\"background-image: url(http:\/\/optahealthcare.com\/wp-content\/uploads\/2025\/01\/spray-antiseptic-on-the-wound-on-the-child-s-back-2023-11-27-05-13-09-utc-kopia1.jpg)\"><\/div>\n\n            <div class=\"td-tiwcb-second-image td-cover-bg\" style=\"background-image: url(http:\/\/optahealthcare.com\/wp-content\/uploads\/2025\/01\/medical-meeting-and-laptop-for-team-in-office-in-2024-12-19-15-26-41-utc.jpg)\"><\/div>\n\n            <div class=\"td-tiwcb-third-image td-cover-bg\" style=\"background-image: url(http:\/\/optahealthcare.com\/wp-content\/uploads\/2025\/01\/stethoscope-on-white-2023-11-27-05-36-43-utc.jpg)\">\n\t                        <\/div>\n        <\/div>\n\n\t\t\t\t\t\t<\/div>\n\t\t\t\t<\/div>\n\t\t\t\t<\/div>\n\t\t<div class=\"elementor-element elementor-element-72bc66d e-con-full e-flex e-con e-child\" data-id=\"72bc66d\" data-element_type=\"container\">\n\t\t\t\t<div class=\"elementor-element elementor-element-edd26e0 elementor-widget elementor-widget-themedraft_section_title\" data-id=\"edd26e0\" data-element_type=\"widget\" data-widget_type=\"themedraft_section_title.default\">\n\t\t\t\t<div class=\"elementor-widget-container\">\n\t\t\t\t\t\n\t\t<div class=\"td-section-title-wrapper\">\n            <div class=\"td-section-title-content td-secondary-font\">\n                                    <div class=\"td-section-title-bg-text\">\n                        Napisz                    <\/div>\n                \n                                    <div class=\"td-section-subtitle td-primary-color\">\n                        Napisz do nas                    <\/div>\n                \n                                    <div class=\"td-section-title\">\n                        <h2>Skontaktuj si\u0119<\/h2>                    <\/div>\n                                                <\/div>\n\t\t<\/div>\n\t\t\t\t\t\t<\/div>\n\t\t\t\t<\/div>\n\t\t<div class=\"elementor-element elementor-element-4a20b89 e-grid e-con-full e-con e-child\" data-id=\"4a20b89\" data-element_type=\"container\">\n\t\t\t\t<div class=\"elementor-element elementor-element-9d08895 elementor-view-default elementor-position-top elementor-mobile-position-top elementor-widget elementor-widget-icon-box\" data-id=\"9d08895\" data-element_type=\"widget\" data-widget_type=\"icon-box.default\">\n\t\t\t\t<div class=\"elementor-widget-container\">\n\t\t\t\t\t\t\t<div class=\"elementor-icon-box-wrapper\">\n\n\t\t\t\t\t\t<div class=\"elementor-icon-box-icon\">\n\t\t\t\t<span  class=\"elementor-icon\">\n\t\t\t\t<svg aria-hidden=\"true\" class=\"e-font-icon-svg e-fas-map-pin\" viewbox=\"0 0 288 512\" xmlns=\"http:\/\/www.w3.org\/2000\/svg\"><path d=\"M112 316.94v156.69l22.02 33.02c4.75 7.12 15.22 7.12 19.97 0L176 473.63V316.94c-10.39 1.92-21.06 3.06-32 3.06s-21.61-1.14-32-3.06zM144 0C64.47 0 0 64.47 0 144s64.47 144 144 144 144-64.47 144-144S223.53 0 144 0zm0 76c-37.5 0-68 30.5-68 68 0 6.62-5.38 12-12 12s-12-5.38-12-12c0-50.73 41.28-92 92-92 6.62 0 12 5.38 12 12s-5.38 12-12 12z\"><\/path><\/svg>\t\t\t\t<\/span>\n\t\t\t<\/div>\n\t\t\t\n\t\t\t\t\t\t<div class=\"elementor-icon-box-content\">\n\n\t\t\t\t\n\t\t\t\t\t\t\t\t\t<p class=\"elementor-icon-box-description\">\n\t\t\t\t\t\tOpta Healthcare Sp. z o.<br>\nUl.Brukowa 12<br>\n91-341 \u0141\u00f3d\u017a\n\t\t\t\t\t<\/p>\n\t\t\t\t\n\t\t\t<\/div>\n\t\t\t\n\t\t<\/div>\n\t\t\t\t\t\t<\/div>\n\t\t\t\t<\/div>\n\t\t\t\t<div class=\"elementor-element elementor-element-d92cac0 elementor-view-default elementor-position-top elementor-mobile-position-top elementor-widget elementor-widget-icon-box\" data-id=\"d92cac0\" data-element_type=\"widget\" data-widget_type=\"icon-box.default\">\n\t\t\t\t<div class=\"elementor-widget-container\">\n\t\t\t\t\t\t\t<div class=\"elementor-icon-box-wrapper\">\n\n\t\t\t\t\t\t<div class=\"elementor-icon-box-icon\">\n\t\t\t\t<span  class=\"elementor-icon\">\n\t\t\t\t<svg aria-hidden=\"true\" class=\"e-font-icon-svg e-far-envelope\" viewbox=\"0 0 512 512\" xmlns=\"http:\/\/www.w3.org\/2000\/svg\"><path d=\"M464 64H48C21.49 64 0 85.49 0 112v288c0 26.51 21.49 48 48 48h416c26.51 0 48-21.49 48-48V112c0-26.51-21.49-48-48-48zm0 48v40.805c-22.422 18.259-58.168 46.651-134.587 106.49-16.841 13.247-50.201 45.072-73.413 44.701-23.208.375-56.579-31.459-73.413-44.701C106.18 199.465 70.425 171.067 48 152.805V112h416zM48 400V214.398c22.914 18.251 55.409 43.862 104.938 82.646 21.857 17.205 60.134 55.186 103.062 54.955 42.717.231 80.509-37.199 103.053-54.947 49.528-38.783 82.032-64.401 104.947-82.653V400H48z\"><\/path><\/svg>\t\t\t\t<\/span>\n\t\t\t<\/div>\n\t\t\t\n\t\t\t\t\t\t<div class=\"elementor-icon-box-content\">\n\n\t\t\t\t\n\t\t\t\t\t\t\t\t\t<p class=\"elementor-icon-box-description\">\n\t\t\t\t\t\tkontakt@optahealtcare.com.pl\n\n\t\t\t\t\t<\/p>\n\t\t\t\t\n\t\t\t<\/div>\n\t\t\t\n\t\t<\/div>\n\t\t\t\t\t\t<\/div>\n\t\t\t\t<\/div>\n\t\t\t\t<\/div>\n\t\t\t\t<\/div>\n\t\t\t\t\t<\/div>\n\t\t\t\t<\/div>\n\t\t\t\t<\/div>","protected":false},"excerpt":{"rendered":"<p>We provide access to proven and safe solutions in the area of \u200b\u200bhealthcare. Contact us Our products Write Write to us Do you want your products to be present on the Polish market? Write Write to us Contact us Opta Healthcare Sp. z o. Ul.Brukowa 12 91-341 \u0141\u00f3d\u017a kontakt@optahealtcare.com.pl<\/p>","protected":false},"author":2,"featured_media":0,"parent":0,"menu_order":0,"comment_status":"closed","ping_status":"closed","template":"elementor_header_footer","meta":{"footnotes":""},"class_list":["post-49","page","type-page","status-publish","hentry"],"_links":{"self":[{"href":"https:\/\/optahealthcare.com\/pl\/wp-json\/wp\/v2\/pages\/49","targetHints":{"allow":["GET"]}}],"collection":[{"href":"https:\/\/optahealthcare.com\/pl\/wp-json\/wp\/v2\/pages"}],"about":[{"href":"https:\/\/optahealthcare.com\/pl\/wp-json\/wp\/v2\/types\/page"}],"author":[{"embeddable":true,"href":"https:\/\/optahealthcare.com\/pl\/wp-json\/wp\/v2\/users\/2"}],"replies":[{"embeddable":true,"href":"https:\/\/optahealthcare.com\/pl\/wp-json\/wp\/v2\/comments?post=49"}],"version-history":[{"count":14,"href":"https:\/\/optahealthcare.com\/pl\/wp-json\/wp\/v2\/pages\/49\/revisions"}],"predecessor-version":[{"id":493,"href":"https:\/\/optahealthcare.com\/pl\/wp-json\/wp\/v2\/pages\/49\/revisions\/493"}],"wp:attachment":[{"href":"https:\/\/optahealthcare.com\/pl\/wp-json\/wp\/v2\/media?parent=49"}],"curies":[{"name":"wp","href":"https:\/\/api.w.org\/{rel}","templated":true}]}}