{"id":43,"date":"2024-12-11T21:35:24","date_gmt":"2024-12-11T21:35:24","guid":{"rendered":"https:\/\/optahealthcare.com\/?page_id=43"},"modified":"2025-05-06T13:15:15","modified_gmt":"2025-05-06T13:15:15","slug":"home","status":"publish","type":"page","link":"https:\/\/optahealthcare.com\/pl\/","title":{"rendered":"Home"},"content":{"rendered":"<div data-elementor-type=\"wp-page\" data-elementor-id=\"43\" class=\"elementor elementor-43\">\n\t\t\t\t<div class=\"elementor-element elementor-element-2c3987f e-con-full e-flex e-con e-parent\" data-id=\"2c3987f\" data-element_type=\"container\">\n\t\t\t\t<div class=\"elementor-element elementor-element-f7f7318 elementor-widget elementor-widget-themedraft_home_slider_one\" data-id=\"f7f7318\" data-element_type=\"widget\" data-widget_type=\"themedraft_home_slider_one.default\">\n\t\t\t\t<div class=\"elementor-widget-container\">\n\t\t\t\t\t        <div class=\"td-home-slider-area\">\n            <div id=\"td-home-slider-477\" class=\"td-home-slider-wrapper\">\n\n\t\t\t\t\n                        <div class=\"td-single-slide-item td-cover-bg\" style=\"background-image: url(http:\/\/optahealthcare.com\/wp-content\/uploads\/2024\/12\/Obszar-roboczy-6graf2.jpg)\">\n                            <div class=\"td-table\">\n                                <div class=\"td-table-cell\">\n                                    <div class=\"container\">\n                                        <div class=\"row\">\n                                            <div class=\"td-slider-content-column col-xl-6 col-lg-8 col-md-11\">\n                                                <div class=\"td-slider-content-wrapper\">\n                                                    <div class=\"td-slider-content\">\n                                                                                                                <div class=\"slider-bg-text td-secondary-font\" data-animation=\"fadeInUp\" data-delay=\".5s\">\n\t\t                                                    Dystrybutor                                                        <\/div>\n                                                        \n                                                        <div class=\"slide-subtitle\" data-animation=\"fadeInUp\" data-delay=\".5s\">\n                                                                                                                    <\/div>\n\n                                                        <div class=\"td-slide-title\" data-animation=\"fadeInUp\" data-delay=\".9s\">\n\t\t\t\t\t\t\t\t\t\t\t\t\t\t\t<h1>skuteczny dystrybutor Twoich produkt\u00f3w w Polsce<\/h1>                                                        <\/div>\n                                                        <div class=\"td-slider-content-text\" data-animation=\"fadeInUp\"  data-delay=\"1.75s\">\n\t\t\t\t\t\t\t\t\t\t\t\t\t\t\t                                                        <\/div>\n\n\n                                                        <div class=\"slider-button-wrapper\">\n\n\t\t\t\t\t\t\t\t\t\t\t\t\t\t\t                                                                <a data-animation=\"fadeInUp\"  data-delay=\"2.5s\" href=\"https:\/\/optahealthcare.com\/pl\/kontakt\/\" class=\"td-button td-slider-btn-one\" >Skontaktuj si\u0119<i class=\"fas fa-plus\"><\/i><\/a>\n\t\t\t\t\t\t\t\t\t\t\t\t\t\t\t\n                                                                                                                                <a data-animation=\"fadeInUp\"  data-delay=\"2.75s\" href=\"https:\/\/optahealthcare.com\/pl\/produkty\/\" class=\"td-button td-slider-btn-two\" >Nasze produkty<i class=\"fas fa-plus\"><\/i><\/a>\n                                                                \n\n                                                        <\/div>\n                                                    <\/div>\n                                                <\/div>\n                                            <\/div>\n                                        <\/div>\n                                    <\/div>\n                                <\/div>\n                            <\/div>\n\n                                                    <\/div>\n\t\t\t\t\t\t\n                        <div class=\"td-single-slide-item td-cover-bg\" style=\"background-image: url(http:\/\/optahealthcare.com\/wp-content\/uploads\/2024\/12\/Obszar-roboczy-5graf2.jpg)\">\n                            <div class=\"td-table\">\n                                <div class=\"td-table-cell\">\n                                    <div class=\"container\">\n                                        <div class=\"row\">\n                                            <div class=\"td-slider-content-column col-xl-6 col-lg-8 col-md-11\">\n                                                <div class=\"td-slider-content-wrapper\">\n                                                    <div class=\"td-slider-content\">\n                                                                                                                <div class=\"slider-bg-text td-secondary-font\" data-animation=\"fadeInUp\" data-delay=\".5s\">\n\t\t                                                    Products                                                        <\/div>\n                                                        \n                                                        <div class=\"slide-subtitle\" data-animation=\"fadeInUp\" data-delay=\".5s\">\n                                                                                                                    <\/div>\n\n                                                        <div class=\"td-slide-title\" data-animation=\"fadeInUp\" data-delay=\".9s\">\n\t\t\t\t\t\t\t\t\t\t\t\t\t\t\t<h2>Wprowadzimy Twoje produkty na Polski rynek<\/h2>                                                        <\/div>\n                                                        <div class=\"td-slider-content-text\" data-animation=\"fadeInUp\"  data-delay=\"1.75s\">\n\t\t\t\t\t\t\t\t\t\t\t\t\t\t\t                                                        <\/div>\n\n\n                                                        <div class=\"slider-button-wrapper\">\n\n\t\t\t\t\t\t\t\t\t\t\t\t\t\t\t                                                                <a data-animation=\"fadeInUp\"  data-delay=\"2.5s\" href=\"https:\/\/optahealthcare.com\/pl\/kontakt\/\" class=\"td-button td-slider-btn-one\" >Skontaktuj si\u0119<i class=\"fas fa-plus\"><\/i><\/a>\n\t\t\t\t\t\t\t\t\t\t\t\t\t\t\t\n                                                            \n\n                                                        <\/div>\n                                                    <\/div>\n                                                <\/div>\n                                            <\/div>\n                                        <\/div>\n                                    <\/div>\n                                <\/div>\n                            <\/div>\n\n                                                    <\/div>\n\t\t\t\t\t\t            <\/div>\n        <\/div>\n\n\n\t\t\n            <script>\n                (function ($) {\n                    \"use strict\";\n                    \/\/Documnet Ready Function\n                    $( document ).ready(function() {\n                        \/\/ slider - active\n                        function homeSlider() {\n                            var SliderActive = $('#td-home-slider-477');\n\n                            SliderActive.slick({\n                                slidesToShow: 1,\n                                autoplay: true,\n                                autoplaySpeed: \"6000\",\n                                speed: 1000, \/\/ slide speed\n                                dots: false,\n                                fade: true,\n                                draggable: true,\n                                pauseOnHover: false,\n                                arrows: false,\n                                prevArrow: '<i class=\"slick-arrow slick-prev flaticon-long-left-arrow\"><\/i>',\n                                nextArrow: '<i class=\"slick-arrow slick-next flaticon-long-right-arrow\"><\/i>',\n                                responsive: [\n                                    {\n                                        breakpoint: 992,\n                                        settings: {\n                                            \/\/768-991\n                                            arrows:false\n                                        }\n                                    },\n                                    {\n                                        breakpoint: 768,\n                                        settings: {\n                                            \/\/ 0 -767\n                                            dots:false,\n                                            arrows:false\n                                        }\n                                    }\n                                ]\n                            });\n\n\t\t\t\t\t\t\t                            function doAnimations(elements) {\n                                var animationEndEvents = 'webkitAnimationEnd mozAnimationEnd MSAnimationEnd oanimationend animationend';\n                                elements.each(function () {\n                                    var $this = $(this);\n                                    var $animationDelay = $this.data('delay');\n                                    var $animationType = 'animated ' + $this.data('animation');\n                                    $this.css({\n                                        'animation-delay': $animationDelay,\n                                        '-webkit-animation-delay': $animationDelay\n                                    });\n                                    $this.addClass($animationType).one(animationEndEvents, function () {\n                                        $this.removeClass($animationType);\n                                    });\n                                });\n                            }\n\n                            SliderActive.on('init', function (e, slick) {\n                                var $firstAnimatingElements = $('.td-single-slide-item:first-child').find('[data-animation]');\n                                doAnimations($firstAnimatingElements);\n                            });\n\n                            SliderActive.on('beforeChange', function (e, slick, currentSlide, nextSlide) {\n                                var $animatingElements = $('.td-single-slide-item[data-slick-index=\"' + nextSlide + '\"]').find('[data-animation]');\n                                doAnimations($animatingElements);\n                            });\n\t\t\t\t\t\t\t                        }\n                        homeSlider();\n\n                    });\n                })(jQuery);\n            <\/script>\n\n\t\t\t\t\t\t\t\t<\/div>\n\t\t\t\t<\/div>\n\t\t\t\t<\/div>\n\t\t<div class=\"elementor-element elementor-element-18d99c8 e-flex e-con-boxed e-con e-parent\" data-id=\"18d99c8\" data-element_type=\"container\">\n\t\t\t\t\t<div class=\"e-con-inner\">\n\t\t<div class=\"elementor-element elementor-element-2a3e1f8 e-con-full e-flex e-con e-child\" data-id=\"2a3e1f8\" data-element_type=\"container\">\n\t\t\t\t<div class=\"elementor-element elementor-element-60188df elementor-widget elementor-widget-themedraft_tiwcb\" data-id=\"60188df\" data-element_type=\"widget\" data-widget_type=\"themedraft_tiwcb.default\">\n\t\t\t\t<div class=\"elementor-widget-container\">\n\t\t\t\t\t\n        <div class=\"td-tiwcb-wrapper\">\n\n\n\n            <div class=\"td-tiwcb-first-image td-cover-bg\" style=\"background-image: url(http:\/\/optahealthcare.com\/wp-content\/uploads\/2024\/12\/a-close-up-of-two-doctors-discussing-a-bottle-of-m-2024-12-09-18-31-39-utc.jpg)\"><\/div>\n\n            <div class=\"td-tiwcb-second-image td-cover-bg\" style=\"background-image: url(http:\/\/optahealthcare.com\/wp-content\/uploads\/2024\/12\/confident-young-female-doctor-in-white-medical-un-2024-11-01-23-13-33-utc.jpg)\"><\/div>\n\n            <div class=\"td-tiwcb-third-image td-cover-bg\" style=\"background-image: url(http:\/\/optahealthcare.com\/wp-content\/uploads\/2024\/12\/speak-to-them-for-professional-advice-shot-of-two-2023-11-27-05-07-01-utc.jpg)\">\n\t                        <\/div>\n        <\/div>\n\n\t\t\t\t\t\t<\/div>\n\t\t\t\t<\/div>\n\t\t\t\t<\/div>\n\t\t<div class=\"elementor-element elementor-element-3e840a1 e-con-full e-flex e-con e-child\" data-id=\"3e840a1\" data-element_type=\"container\">\n\t\t\t\t<div class=\"elementor-element elementor-element-72477c3 elementor-widget elementor-widget-themedraft_icon_box\" data-id=\"72477c3\" data-element_type=\"widget\" data-widget_type=\"themedraft_icon_box.default\">\n\t\t\t\t<div class=\"elementor-widget-container\">\n\t\t\t\t\t\n\t\t<div class=\"td-icon-bpx-wrapper\">\n\t\t\t<div class=\"row\">\n\t\t\t\t\t\t\t\t\t\t<div class=\"col-xl-6 col-lg-6 col-md-6 col-6\">\n\t\t\t\t\t\t\t<div class=\"td-icon-box\">\n\t\t\t\t\t\t\t\t<div class=\"td-icon-box-icon td-primary-color\">\n\t\t\t\t\t\t\t\t\t\t\t\t\t\t\t\t\t\t\t<img decoding=\"async\" src=\"http:\/\/optahealthcare.com\/wp-content\/uploads\/2024\/12\/produkty3.png\"\n\t\t\t\t\t\t\t\t\t\t     alt=\"\">\n\t\t\t\t\t\t\t\t\t\t\t\t\t\t\t\t\t<\/div>\n\n\t\t\t\t\t\t\t\t<h6 class=\"td-icon-title\">\n\t\t\t\t\t\t\t\t\tProdukty naszych partner\u00f3w obecne na rynkach zachodniej Europy teraz mog\u0105 by\u0107 dost\u0119pne tak\u017ce dla polskich pacjent\u00f3w.\t\t\t\t\t\t\t\t<\/h6>\n\t\t\t\t\t\t\t<\/div>\n\t\t\t\t\t\t<\/div>\n\t\t\t\t\t\t\t\t\t\t\t<div class=\"col-xl-6 col-lg-6 col-md-6 col-6\">\n\t\t\t\t\t\t\t<div class=\"td-icon-box\">\n\t\t\t\t\t\t\t\t<div class=\"td-icon-box-icon td-primary-color\">\n\t\t\t\t\t\t\t\t\t\t\t\t\t\t\t\t\t\t\t<img decoding=\"async\" src=\"http:\/\/optahealthcare.com\/wp-content\/uploads\/2024\/12\/dowiadczenie3.png\"\n\t\t\t\t\t\t\t\t\t\t     alt=\"\">\n\t\t\t\t\t\t\t\t\t\t\t\t\t\t\t\t\t<\/div>\n\n\t\t\t\t\t\t\t\t<h6 class=\"td-icon-title\">\n\t\t\t\t\t\t\t\t\t\u0141\u0105czymy wieloletnie do\u015bwiadczenie w sprzeda\u017cy na rynku farmaceutycznym z potrzebami naszych pacjent\u00f3w oraz naszych kontrahent\u00f3w.\t\t\t\t\t\t\t\t<\/h6>\n\t\t\t\t\t\t\t<\/div>\n\t\t\t\t\t\t<\/div>\n\t\t\t\t\t\t\t\t<\/div>\n\t\t<\/div>\n\n\t\t\t\t\t\t<\/div>\n\t\t\t\t<\/div>\n\t\t\t\t<\/div>\n\t\t\t\t\t<\/div>\n\t\t\t\t<\/div>\n\t\t<div class=\"elementor-element elementor-element-d164e11 e-flex e-con-boxed e-con e-parent\" data-id=\"d164e11\" data-element_type=\"container\">\n\t\t\t\t\t<div class=\"e-con-inner\">\n\t\t<div class=\"elementor-element elementor-element-fb80da5 e-con-full e-flex e-con e-child\" data-id=\"fb80da5\" data-element_type=\"container\">\n\t\t\t\t<div class=\"elementor-element elementor-element-abb29ab elementor-widget elementor-widget-themedraft_service_box_one\" data-id=\"abb29ab\" data-element_type=\"widget\" data-widget_type=\"themedraft_service_box_one.default\">\n\t\t\t\t<div class=\"elementor-widget-container\">\n\t\t\t\t\t\n\t\t<div class=\"td-service-one-item-wrapper\">\n\t\t\t<div class=\"container\">\n\t\t\t\t<div class=\"row\">\n\t\t\t\t\t\n\t\t\t\t\t\t\t<div class=\"col-xl-6 col-lg-6 col-md-6\">\n\t\t\t\t\t\t\t\t<div class=\"td-service-one-item\">\n\t\t\t\t\t\t\t\t\t<a class=\"td-service-one-image td-cover-bg\" href=\"\" style=\"background-image: url(http:\/\/optahealthcare.com\/wp-content\/uploads\/2024\/12\/team-work-of-businesspeople-standing-at-workspace-2023-11-27-05-05-15-utc.jpg)\" ><\/a>\n\n\t\t\t\t\t\t\t\t\t<div class=\"service-one-content\">\n\t\t\t\t\t\t\t\t\t\t<a href=\"\"  class=\"service-one-title\">37,56mln mieszka\u0144c\u00f3w<\/a>\n\t\t\t\t\t\t\t\t\t\t<div class=\"service-one-description\">\n\t\t\t\t\t\t\t\t\t\t\t<p>(GUS 06\u2019 2024)<\/p>\t\t\t\t\t\t\t\t\t\t<\/div>\n\t\t\t\t\t\t\t\t\t\t<div class=\"service-one-details-button\">\n\t\t\t\t\t\t\t\t\t\t\t<a class=\"td-text-button\" href=\"\" >Wprowad\u017a produkty <i class=\"fas fa-angle-double-right\"><\/i><\/a>\n\t\t\t\t\t\t\t\t\t\t<\/div>\n\t\t\t\t\t\t\t\t\t<\/div>\n\t\t\t\t\t\t\t\t<\/div>\n\t\t\t\t\t\t\t<\/div>\n\t\t\t\t\t\t\n\t\t\t\t\t\t\t<div class=\"col-xl-6 col-lg-6 col-md-6\">\n\t\t\t\t\t\t\t\t<div class=\"td-service-one-item\">\n\t\t\t\t\t\t\t\t\t<a class=\"td-service-one-image td-cover-bg\" href=\"\" style=\"background-image: url(http:\/\/optahealthcare.com\/wp-content\/uploads\/2024\/12\/speak-to-them-for-professional-advice-shot-of-two-2023-11-27-05-07-01-utc.jpg)\" ><\/a>\n\n\t\t\t\t\t\t\t\t\t<div class=\"service-one-content\">\n\t\t\t\t\t\t\t\t\t\t<a href=\"\"  class=\"service-one-title\">12 tys aptek<\/a>\n\t\t\t\t\t\t\t\t\t\t<div class=\"service-one-description\">\n\t\t\t\t\t\t\t\t\t\t\t<p>(dane PEX \u201eRaport dla medi\u00f3w 09\u20192024\u201d)<\/p>\t\t\t\t\t\t\t\t\t\t<\/div>\n\t\t\t\t\t\t\t\t\t\t<div class=\"service-one-details-button\">\n\t\t\t\t\t\t\t\t\t\t\t<a class=\"td-text-button\" href=\"\" >Wprowad\u017a produkty <i class=\"fas fa-angle-double-right\"><\/i><\/a>\n\t\t\t\t\t\t\t\t\t\t<\/div>\n\t\t\t\t\t\t\t\t\t<\/div>\n\t\t\t\t\t\t\t\t<\/div>\n\t\t\t\t\t\t\t<\/div>\n\t\t\t\t\t\t\t\t\t\t<\/div>\n\t\t\t<\/div>\n\t\t<\/div>\n\t\t\t\t\t\t<\/div>\n\t\t\t\t<\/div>\n\t\t\t\t<\/div>\n\t\t<div class=\"elementor-element elementor-element-1fc4006 e-con-full e-flex e-con e-child\" data-id=\"1fc4006\" data-element_type=\"container\">\n\t\t\t\t<div class=\"elementor-element elementor-element-b408d8f elementor-widget elementor-widget-themedraft_title_with_text\" data-id=\"b408d8f\" data-element_type=\"widget\" data-widget_type=\"themedraft_title_with_text.default\">\n\t\t\t\t<div class=\"elementor-widget-container\">\n\t\t\t\t\t\n\t\t<div class=\"td-title-with-text-wrapper\">\n        \t\t\t<h2 class=\"title\">Napisz do nas<\/h2>\n                        <div class=\"desc\">\n                <p>Chcesz aby Twoje produkty by\u0142y obecne na Polskim rynku<\/p>            <\/div>\n\t\t<\/div>\n\n\t\t\t\t\t\t<\/div>\n\t\t\t\t<\/div>\n\t\t\t\t<div class=\"elementor-element elementor-element-a50c4ed elementor-widget elementor-widget-shortcode\" data-id=\"a50c4ed\" data-element_type=\"widget\" data-widget_type=\"shortcode.default\">\n\t\t\t\t<div class=\"elementor-widget-container\">\n\t\t\t\t\t\t\t<div class=\"elementor-shortcode\">\n<div class=\"wpcf7 no-js\" id=\"wpcf7-f25-o1\" lang=\"pl-PL\" dir=\"ltr\" data-wpcf7-id=\"25\">\n<div class=\"screen-reader-response\"><p role=\"status\" aria-live=\"polite\" aria-atomic=\"true\"><\/p> <ul><\/ul><\/div>\n<form action=\"\/pl\/wp-json\/wp\/v2\/pages\/43#wpcf7-f25-o1\" method=\"post\" class=\"wpcf7-form init\" aria-label=\"Formularz kontaktowy\" novalidate=\"novalidate\" data-status=\"init\" data-trp-original-action=\"\/pl\/wp-json\/wp\/v2\/pages\/43#wpcf7-f25-o1\">\n<div style=\"display: none;\">\n<input type=\"hidden\" name=\"_wpcf7\" value=\"25\" \/>\n<input type=\"hidden\" name=\"_wpcf7_version\" value=\"6.0.6\" \/>\n<input type=\"hidden\" name=\"_wpcf7_locale\" value=\"pl_PL\" \/>\n<input type=\"hidden\" name=\"_wpcf7_unit_tag\" value=\"wpcf7-f25-o1\" \/>\n<input type=\"hidden\" name=\"_wpcf7_container_post\" value=\"0\" \/>\n<input type=\"hidden\" name=\"_wpcf7_posted_data_hash\" value=\"\" \/>\n<input type=\"hidden\" name=\"_wpcf7_recaptcha_response\" value=\"\" \/>\n<\/div>\n<p><label> Twoje imi\u0119 i nazwisko<br \/>\n<span class=\"wpcf7-form-control-wrap\" data-name=\"your-name\"><input size=\"40\" maxlength=\"400\" class=\"wpcf7-form-control wpcf7-text wpcf7-validates-as-required\" autocomplete=\"name\" aria-required=\"true\" aria-invalid=\"false\" value=\"\" type=\"text\" name=\"your-name\" \/><\/span> <\/label>\n<\/p>\n<p><label> Tw\u00f3j adres e-mail<br \/>\n<span class=\"wpcf7-form-control-wrap\" data-name=\"your-email\"><input size=\"40\" maxlength=\"400\" class=\"wpcf7-form-control wpcf7-email wpcf7-validates-as-required wpcf7-text wpcf7-validates-as-email\" autocomplete=\"email\" aria-required=\"true\" aria-invalid=\"false\" value=\"\" type=\"email\" name=\"your-email\" \/><\/span> <\/label>\n<\/p>\n<p><label> Temat<br \/>\n<span class=\"wpcf7-form-control-wrap\" data-name=\"your-subject\"><input size=\"40\" maxlength=\"400\" class=\"wpcf7-form-control wpcf7-text wpcf7-validates-as-required\" aria-required=\"true\" aria-invalid=\"false\" value=\"\" type=\"text\" name=\"your-subject\" \/><\/span> <\/label>\n<\/p>\n<p><label> Twoja wiadomo\u015bci (opcjonalne)<br \/>\n<span class=\"wpcf7-form-control-wrap\" data-name=\"your-message\"><textarea cols=\"40\" rows=\"10\" maxlength=\"2000\" class=\"wpcf7-form-control wpcf7-textarea\" aria-invalid=\"false\" name=\"your-message\"><\/textarea><\/span> <\/label>\n<\/p>\n<p><input class=\"wpcf7-form-control wpcf7-submit has-spinner\" type=\"submit\" value=\"Wy\u015blij\" \/>\n<\/p><div class=\"wpcf7-response-output\" aria-hidden=\"true\"><\/div>\n<input type=\"hidden\" name=\"trp-form-language\" value=\"pl\"\/><\/form>\n<\/div>\n<\/div>\n\t\t\t\t\t\t<\/div>\n\t\t\t\t<\/div>\n\t\t\t\t<\/div>\n\t\t\t\t\t<\/div>\n\t\t\t\t<\/div>\n\t\t\t\t<\/div>","protected":false},"excerpt":{"rendered":"<p>Distributor an effective distributor of your products in Poland Contact us Our products Products We will introduce your products to the Polish market Contact us Our partners&#8217; products present on Western European markets can now also be available to Polish patients. We combine many years of experience in sales on the pharmaceutical market with the [&hellip;]<\/p>","protected":false},"author":2,"featured_media":0,"parent":0,"menu_order":0,"comment_status":"closed","ping_status":"closed","template":"elementor_header_footer","meta":{"footnotes":""},"class_list":["post-43","page","type-page","status-publish","hentry"],"_links":{"self":[{"href":"https:\/\/optahealthcare.com\/pl\/wp-json\/wp\/v2\/pages\/43","targetHints":{"allow":["GET"]}}],"collection":[{"href":"https:\/\/optahealthcare.com\/pl\/wp-json\/wp\/v2\/pages"}],"about":[{"href":"https:\/\/optahealthcare.com\/pl\/wp-json\/wp\/v2\/types\/page"}],"author":[{"embeddable":true,"href":"https:\/\/optahealthcare.com\/pl\/wp-json\/wp\/v2\/users\/2"}],"replies":[{"embeddable":true,"href":"https:\/\/optahealthcare.com\/pl\/wp-json\/wp\/v2\/comments?post=43"}],"version-history":[{"count":34,"href":"https:\/\/optahealthcare.com\/pl\/wp-json\/wp\/v2\/pages\/43\/revisions"}],"predecessor-version":[{"id":485,"href":"https:\/\/optahealthcare.com\/pl\/wp-json\/wp\/v2\/pages\/43\/revisions\/485"}],"wp:attachment":[{"href":"https:\/\/optahealthcare.com\/pl\/wp-json\/wp\/v2\/media?parent=43"}],"curies":[{"name":"wp","href":"https:\/\/api.w.org\/{rel}","templated":true}]}}