{"id":35,"date":"2024-12-09T17:53:50","date_gmt":"2024-12-09T17:53:50","guid":{"rendered":"https:\/\/optahealthcare.com\/?page_id=35"},"modified":"2025-05-06T13:19:21","modified_gmt":"2025-05-06T13:19:21","slug":"o-firmie","status":"publish","type":"page","link":"https:\/\/optahealthcare.com\/pl\/o-firmie\/","title":{"rendered":"O firmie"},"content":{"rendered":"<div data-elementor-type=\"wp-page\" data-elementor-id=\"35\" class=\"elementor elementor-35\">\n\t\t\t\t<div class=\"elementor-element elementor-element-924315d e-con-full e-flex e-con e-parent\" data-id=\"924315d\" data-element_type=\"container\">\n\t\t\t\t<div class=\"elementor-element elementor-element-9b43f9b elementor-widget elementor-widget-themedraft_home_slider_one\" data-id=\"9b43f9b\" data-element_type=\"widget\" data-widget_type=\"themedraft_home_slider_one.default\">\n\t\t\t\t<div class=\"elementor-widget-container\">\n\t\t\t\t\t        <div class=\"td-home-slider-area\">\n            <div id=\"td-home-slider-299\" class=\"td-home-slider-wrapper\">\n\n\t\t\t\t\n                        <div class=\"td-single-slide-item td-cover-bg\" style=\"background-image: url(http:\/\/optahealthcare.com\/wp-content\/uploads\/2025\/01\/confident-doctor-man-holding-a-pill-bottle-and-wri-2023-11-27-05-35-43-utc.jpg)\">\n                            <div class=\"td-table\">\n                                <div class=\"td-table-cell\">\n                                    <div class=\"container\">\n                                        <div class=\"row\">\n                                            <div class=\"td-slider-content-column col-xl-6 col-lg-8 col-md-11\">\n                                                <div class=\"td-slider-content-wrapper\">\n                                                    <div class=\"td-slider-content\">\n                                                                                                                <div class=\"slider-bg-text td-secondary-font\" data-animation=\"fadeInUp\" data-delay=\".5s\">\n\t\t                                                    Zapewniamy                                                        <\/div>\n                                                        \n                                                        <div class=\"slide-subtitle\" data-animation=\"fadeInUp\" data-delay=\".5s\">\n                                                                                                                    <\/div>\n\n                                                        <div class=\"td-slide-title\" data-animation=\"fadeInUp\" data-delay=\".9s\">\n\t\t\t\t\t\t\t\t\t\t\t\t\t\t\t<h1>dost\u0119p do sprawdzonych i bezpiecznych rozwi\u0105za\u0144 w obszarze ochrony zdrowia.<\/h1>                                                        <\/div>\n                                                        <div class=\"td-slider-content-text\" data-animation=\"fadeInUp\"  data-delay=\"1.75s\">\n\t\t\t\t\t\t\t\t\t\t\t\t\t\t\t                                                        <\/div>\n\n\n                                                        <div class=\"slider-button-wrapper\">\n\n\t\t\t\t\t\t\t\t\t\t\t\t\t\t\t                                                                <a data-animation=\"fadeInUp\"  data-delay=\"2.5s\" href=\"https:\/\/optahealthcare.com\/pl\/kontakt\/\" class=\"td-button td-slider-btn-one\" >Skontaktuj si\u0119<i class=\"fas fa-plus\"><\/i><\/a>\n\t\t\t\t\t\t\t\t\t\t\t\t\t\t\t\n                                                                                                                                <a data-animation=\"fadeInUp\"  data-delay=\"2.75s\" href=\"https:\/\/optahealthcare.com\/pl\/produkty\/\" class=\"td-button td-slider-btn-two\" >Nasze produkty<i class=\"fas fa-plus\"><\/i><\/a>\n                                                                \n\n                                                        <\/div>\n                                                    <\/div>\n                                                <\/div>\n                                            <\/div>\n                                        <\/div>\n                                    <\/div>\n                                <\/div>\n                            <\/div>\n\n                                                    <\/div>\n\t\t\t\t\t\t            <\/div>\n        <\/div>\n\n\n\t\t\t\t\t\t\t\t<\/div>\n\t\t\t\t<\/div>\n\t\t\t\t<\/div>\n\t\t<div class=\"elementor-element elementor-element-face87a e-flex e-con-boxed e-con e-parent\" data-id=\"face87a\" data-element_type=\"container\">\n\t\t\t\t\t<div class=\"e-con-inner\">\n\t\t<div class=\"elementor-element elementor-element-1d47bb4 e-con-full e-flex e-con e-child\" data-id=\"1d47bb4\" data-element_type=\"container\">\n\t\t\t\t<div class=\"elementor-element elementor-element-6597030 elementor-widget elementor-widget-themedraft_tiwcb\" data-id=\"6597030\" data-element_type=\"widget\" data-widget_type=\"themedraft_tiwcb.default\">\n\t\t\t\t<div class=\"elementor-widget-container\">\n\t\t\t\t\t\n        <div class=\"td-tiwcb-wrapper\">\n\n\n\n            <div class=\"td-tiwcb-first-image td-cover-bg\" style=\"background-image: url(http:\/\/optahealthcare.com\/wp-content\/uploads\/2025\/01\/medical-meeting-and-laptop-for-team-in-office-in-2024-12-19-15-26-41-utc.jpg)\"><\/div>\n\n            <div class=\"td-tiwcb-second-image td-cover-bg\" style=\"background-image: url(http:\/\/optahealthcare.com\/wp-content\/uploads\/2025\/01\/medicine-young-female-doctor-in-modern-clinic-2023-11-27-05-15-11-utc.jpg)\"><\/div>\n\n            <div class=\"td-tiwcb-third-image td-cover-bg\" style=\"background-image: url(http:\/\/optahealthcare.com\/wp-content\/uploads\/2025\/01\/young-business-people-shaking-hands-in-the-office-2023-11-27-05-25-29-utc.jpg)\">\n\t                        <\/div>\n        <\/div>\n\n\t\t\t\t\t\t<\/div>\n\t\t\t\t<\/div>\n\t\t\t\t<\/div>\n\t\t<div class=\"elementor-element elementor-element-4c7e3c6 e-con-full e-flex e-con e-child\" data-id=\"4c7e3c6\" data-element_type=\"container\">\n\t\t\t\t<div class=\"elementor-element elementor-element-8e172c9 elementor-widget elementor-widget-themedraft_section_title\" data-id=\"8e172c9\" data-element_type=\"widget\" data-widget_type=\"themedraft_section_title.default\">\n\t\t\t\t<div class=\"elementor-widget-container\">\n\t\t\t\t\t\n\t\t<div class=\"td-section-title-wrapper\">\n            <div class=\"td-section-title-content td-secondary-font\">\n                                    <div class=\"td-section-title-bg-text\">\n                        Szukasz                    <\/div>\n                \n                                    <div class=\"td-section-subtitle td-primary-color\">\n                        w Polsce                    <\/div>\n                \n                                    <div class=\"td-section-title\">\n                        <h2>skuteczny dystrybutor Twoich produkt\u00f3w<\/h2>                    <\/div>\n                                                <\/div>\n\t\t<\/div>\n\t\t\t\t\t\t<\/div>\n\t\t\t\t<\/div>\n\t\t\t\t<div class=\"elementor-element elementor-element-3403303 elementor-widget elementor-widget-themedraft_text\" data-id=\"3403303\" data-element_type=\"widget\" data-widget_type=\"themedraft_text.default\">\n\t\t\t\t<div class=\"elementor-widget-container\">\n\t\t\t\t\t\n\t\t<div class=\"td-text-wrapper\">\n\t\t\t<p>Produkty naszych partner\u00f3w obecne na rynkach zachodniej Europy teraz mog\u0105 by\u0107 dost\u0119pne tak\u017ce dla polskich pacjent\u00f3w.<\/p><p>\u0141\u0105czymy wieloletnie do\u015bwiadczenie w sprzeda\u017cy na rynku farmaceutycznym z potrzebami naszych pacjent\u00f3w oraz naszych kontrahent\u00f3w.<\/p><p>Polski rynek farmaceutyczny:<\/p><ul><li>37,56mln mieszka\u0144c\u00f3w (GUS 06\u2019 2024)<\/li><li>12,5 tys aptek (dane PEX \u201eRaport dla medi\u00f3w 09\u20192024\u201d)<\/li><\/ul>\n            \t\t<\/div>\n\n\t\t\t\t\t\t<\/div>\n\t\t\t\t<\/div>\n\t\t\t\t<\/div>\n\t\t\t\t\t<\/div>\n\t\t\t\t<\/div>\n\t\t<div class=\"elementor-element elementor-element-f3ea714 e-flex e-con-boxed e-con e-parent\" data-id=\"f3ea714\" data-element_type=\"container\">\n\t\t\t\t\t<div class=\"e-con-inner\">\n\t\t<div class=\"elementor-element elementor-element-12c0c60 e-con-full e-flex e-con e-child\" data-id=\"12c0c60\" data-element_type=\"container\">\n\t\t\t\t<div class=\"elementor-element elementor-element-8fc2fba elementor-widget elementor-widget-themedraft_section_title\" data-id=\"8fc2fba\" data-element_type=\"widget\" data-widget_type=\"themedraft_section_title.default\">\n\t\t\t\t<div class=\"elementor-widget-container\">\n\t\t\t\t\t\n\t\t<div class=\"td-section-title-wrapper\">\n            <div class=\"td-section-title-content td-secondary-font\">\n                                    <div class=\"td-section-title-bg-text\">\n                        Napisz                    <\/div>\n                \n                                    <div class=\"td-section-subtitle td-primary-color\">\n                        Napisz do nas                    <\/div>\n                \n                                    <div class=\"td-section-title\">\n                        <h2>Chcesz aby Twoje produkty by\u0142y obecne na Polskim rynku<\/h2>                    <\/div>\n                                                <\/div>\n\t\t<\/div>\n\t\t\t\t\t\t<\/div>\n\t\t\t\t<\/div>\n\t\t\t\t<div class=\"elementor-element elementor-element-d2df92e elementor-widget elementor-widget-shortcode\" data-id=\"d2df92e\" data-element_type=\"widget\" data-widget_type=\"shortcode.default\">\n\t\t\t\t<div class=\"elementor-widget-container\">\n\t\t\t\t\t\t\t<div class=\"elementor-shortcode\">\n<div class=\"wpcf7 no-js\" id=\"wpcf7-f25-o1\" lang=\"pl-PL\" dir=\"ltr\" data-wpcf7-id=\"25\">\n<div class=\"screen-reader-response\"><p role=\"status\" aria-live=\"polite\" aria-atomic=\"true\"><\/p> <ul><\/ul><\/div>\n<form action=\"\/pl\/wp-json\/wp\/v2\/pages\/35#wpcf7-f25-o1\" method=\"post\" class=\"wpcf7-form init\" aria-label=\"Formularz kontaktowy\" novalidate=\"novalidate\" data-status=\"init\" data-trp-original-action=\"\/pl\/wp-json\/wp\/v2\/pages\/35#wpcf7-f25-o1\">\n<div style=\"display: none;\">\n<input type=\"hidden\" name=\"_wpcf7\" value=\"25\" \/>\n<input type=\"hidden\" name=\"_wpcf7_version\" value=\"6.0.6\" \/>\n<input type=\"hidden\" name=\"_wpcf7_locale\" value=\"pl_PL\" \/>\n<input type=\"hidden\" name=\"_wpcf7_unit_tag\" value=\"wpcf7-f25-o1\" \/>\n<input type=\"hidden\" name=\"_wpcf7_container_post\" value=\"0\" \/>\n<input type=\"hidden\" name=\"_wpcf7_posted_data_hash\" value=\"\" \/>\n<input type=\"hidden\" name=\"_wpcf7_recaptcha_response\" value=\"\" \/>\n<\/div>\n<p><label> Twoje imi\u0119 i nazwisko<br \/>\n<span class=\"wpcf7-form-control-wrap\" data-name=\"your-name\"><input size=\"40\" maxlength=\"400\" class=\"wpcf7-form-control wpcf7-text wpcf7-validates-as-required\" autocomplete=\"name\" aria-required=\"true\" aria-invalid=\"false\" value=\"\" type=\"text\" name=\"your-name\" \/><\/span> <\/label>\n<\/p>\n<p><label> Tw\u00f3j adres e-mail<br \/>\n<span class=\"wpcf7-form-control-wrap\" data-name=\"your-email\"><input size=\"40\" maxlength=\"400\" class=\"wpcf7-form-control wpcf7-email wpcf7-validates-as-required wpcf7-text wpcf7-validates-as-email\" autocomplete=\"email\" aria-required=\"true\" aria-invalid=\"false\" value=\"\" type=\"email\" name=\"your-email\" \/><\/span> <\/label>\n<\/p>\n<p><label> Temat<br \/>\n<span class=\"wpcf7-form-control-wrap\" data-name=\"your-subject\"><input size=\"40\" maxlength=\"400\" class=\"wpcf7-form-control wpcf7-text wpcf7-validates-as-required\" aria-required=\"true\" aria-invalid=\"false\" value=\"\" type=\"text\" name=\"your-subject\" \/><\/span> <\/label>\n<\/p>\n<p><label> Twoja wiadomo\u015bci (opcjonalne)<br \/>\n<span class=\"wpcf7-form-control-wrap\" data-name=\"your-message\"><textarea cols=\"40\" rows=\"10\" maxlength=\"2000\" class=\"wpcf7-form-control wpcf7-textarea\" aria-invalid=\"false\" name=\"your-message\"><\/textarea><\/span> <\/label>\n<\/p>\n<p><input class=\"wpcf7-form-control wpcf7-submit has-spinner\" type=\"submit\" value=\"Wy\u015blij\" \/>\n<\/p><div class=\"wpcf7-response-output\" aria-hidden=\"true\"><\/div>\n<input type=\"hidden\" name=\"trp-form-language\" value=\"pl\"\/><\/form>\n<\/div>\n<\/div>\n\t\t\t\t\t\t<\/div>\n\t\t\t\t<\/div>\n\t\t\t\t<\/div>\n\t\t<div class=\"elementor-element elementor-element-647bd7e e-con-full e-flex e-con e-child\" data-id=\"647bd7e\" data-element_type=\"container\">\n\t\t\t\t<div class=\"elementor-element elementor-element-6ae1a27 elementor-widget elementor-widget-themedraft_tiwcb\" data-id=\"6ae1a27\" data-element_type=\"widget\" data-widget_type=\"themedraft_tiwcb.default\">\n\t\t\t\t<div class=\"elementor-widget-container\">\n\t\t\t\t\t\n        <div class=\"td-tiwcb-wrapper\">\n\n\n\n            <div class=\"td-tiwcb-first-image td-cover-bg\" style=\"background-image: url(http:\/\/optahealthcare.com\/wp-content\/uploads\/2024\/12\/team-work-of-businesspeople-standing-at-workspace-2023-11-27-05-05-15-utc.jpg)\"><\/div>\n\n            <div class=\"td-tiwcb-second-image td-cover-bg\" style=\"background-image: url(http:\/\/optahealthcare.com\/wp-content\/uploads\/2025\/01\/signing-a-business-contract-group-of-business-peo-2023-11-27-05-26-27-utc.jpg)\"><\/div>\n\n            <div class=\"td-tiwcb-third-image td-cover-bg\" style=\"background-image: url(http:\/\/optahealthcare.com\/wp-content\/uploads\/2025\/01\/stethoscope-on-white-2023-11-27-05-36-43-utc.jpg)\">\n\t                        <\/div>\n        <\/div>\n\n\t\t\t\t\t\t<\/div>\n\t\t\t\t<\/div>\n\t\t\t\t<\/div>\n\t\t\t\t\t<\/div>\n\t\t\t\t<\/div>\n\t\t\t\t<\/div>","protected":false},"excerpt":{"rendered":"<p>We provide access to proven and safe solutions in the area of \u200b\u200bhealthcare. Contact us Our products you are looking for in Poland an effective distributor of your products Our partners&#8217; products present on Western European markets can now also be available to Polish patients. We combine many years of experience in sales on the [&hellip;]<\/p>","protected":false},"author":2,"featured_media":0,"parent":0,"menu_order":0,"comment_status":"closed","ping_status":"closed","template":"elementor_header_footer","meta":{"footnotes":""},"class_list":["post-35","page","type-page","status-publish","hentry"],"_links":{"self":[{"href":"https:\/\/optahealthcare.com\/pl\/wp-json\/wp\/v2\/pages\/35","targetHints":{"allow":["GET"]}}],"collection":[{"href":"https:\/\/optahealthcare.com\/pl\/wp-json\/wp\/v2\/pages"}],"about":[{"href":"https:\/\/optahealthcare.com\/pl\/wp-json\/wp\/v2\/types\/page"}],"author":[{"embeddable":true,"href":"https:\/\/optahealthcare.com\/pl\/wp-json\/wp\/v2\/users\/2"}],"replies":[{"embeddable":true,"href":"https:\/\/optahealthcare.com\/pl\/wp-json\/wp\/v2\/comments?post=35"}],"version-history":[{"count":17,"href":"https:\/\/optahealthcare.com\/pl\/wp-json\/wp\/v2\/pages\/35\/revisions"}],"predecessor-version":[{"id":489,"href":"https:\/\/optahealthcare.com\/pl\/wp-json\/wp\/v2\/pages\/35\/revisions\/489"}],"wp:attachment":[{"href":"https:\/\/optahealthcare.com\/pl\/wp-json\/wp\/v2\/media?parent=35"}],"curies":[{"name":"wp","href":"https:\/\/api.w.org\/{rel}","templated":true}]}}